{"id":36,"date":"2021-06-11T13:40:21","date_gmt":"2021-06-11T11:40:21","guid":{"rendered":"http:\/\/ksyxvoz.cluster028.hosting.ovh.net\/?page_id=36"},"modified":"2024-05-09T14:55:24","modified_gmt":"2024-05-09T12:55:24","slug":"accueil","status":"publish","type":"page","link":"https:\/\/reinventonsnosvies.com\/","title":{"rendered":"Bienvenue sur R\u00e9inventons nos vies"},"content":{"rendered":"\n<p class=\"has-text-align-center has-text-color\" style=\"color:#170449\"><em>\u00ab\u00a0Mais alors, dit Alice, si ce monde n&rsquo;a absolument aucun sens, qui peut nous emp\u00eacher d&rsquo;en inventer un ?\u00a0\u00bb<\/em><\/p>\n\n\n\n<p class=\"has-text-color\" style=\"color:#170449\">Cette phrase de Lewis Caroll dans Alice aux pays des merveilles illustre ce que savent faire les enfants. Lorsque nous sommes adultes nous oublions cette facult\u00e9 afin d&rsquo;\u00eatre conforme au monde dans lequel nous vivons.<\/p>\n\n\n\n<p class=\"has-text-align-center has-text-color has-medium-font-size\" style=\"color:#170449\">Bonjour, je suis ravie de vous accueillir sur mon site. <\/p>\n\n\n\n<p class=\"has-text-color\" style=\"color:#170449\">Peut-\u00eatre faites-vous partie des personnes qui se posent des questions&nbsp;:<\/p>\n\n\n\n<ul class=\"has-text-color wp-block-list\" style=\"color:#170449\"><li>Comment trouver ma place dans ce monde qui n&rsquo;est pas en accord avec mes valeurs humaines, mes aspirations et ma vision de la vie&nbsp;?<\/li><\/ul>\n\n\n\n<ul class=\"has-text-color wp-block-list\" style=\"color:#170449\"><li>Comment puis-je retrouver cette facult\u00e9 \u00e0 inventer un autre monde et m&rsquo;autoriser \u00e0 ce qu&rsquo;il devienne ma r\u00e9alit\u00e9 ?<\/li><\/ul>\n\n\n\n<ul class=\"has-text-color wp-block-list\" style=\"color:#170449\"><li>Comment puis-je \u00eatre utile en contribuant \u00e0 l\u2019invention et \u00e0 la construction de cet autre monde ?<\/li><\/ul>\n\n\n\n<p class=\"has-text-color\" style=\"color:#170449\">Individuellement nous ne changerons pas le monde mais si chacun d&rsquo;entre nous prend la d\u00e9cision de <strong>R\u00e9inventer sa Vie<\/strong> nous pouvons construire un monde qui tend \u00e0 respecter qui nous sommes vraiment. Tout commence par nous-m\u00eame. <\/p>\n\n\n\n<div class=\"wp-block-image is-style-rounded\"><figure class=\"aligncenter size-large is-resized\"><img loading=\"lazy\" decoding=\"async\" src=\"http:\/\/ksyxvoz.cluster028.hosting.ovh.net\/wp-content\/uploads\/2021\/06\/2007-1-1024x768.jpg\" alt=\"\" class=\"wp-image-39\" width=\"291\" height=\"217\" srcset=\"https:\/\/reinventonsnosvies.com\/wp-content\/uploads\/2021\/06\/2007-1-1024x768.jpg 1024w, https:\/\/reinventonsnosvies.com\/wp-content\/uploads\/2021\/06\/2007-1-300x225.jpg 300w, https:\/\/reinventonsnosvies.com\/wp-content\/uploads\/2021\/06\/2007-1-768x576.jpg 768w, https:\/\/reinventonsnosvies.com\/wp-content\/uploads\/2021\/06\/2007-1-1536x1152.jpg 1536w, https:\/\/reinventonsnosvies.com\/wp-content\/uploads\/2021\/06\/2007-1-2048x1536.jpg 2048w, https:\/\/reinventonsnosvies.com\/wp-content\/uploads\/2021\/06\/2007-1-1200x900.jpg 1200w, https:\/\/reinventonsnosvies.com\/wp-content\/uploads\/2021\/06\/2007-1-1980x1485.jpg 1980w\" sizes=\"auto, (max-width: 291px) 100vw, 291px\" \/><\/figure><\/div>\n\n\n\n<p class=\"has-text-color\" style=\"color:#170449\">Si vous avez envie de faire partie des personnes qui ont choisi de contribuer \u00e0 cette aventure collective qui commence par soi-m\u00eame, je peux vous accompagner \u00e0 aller \u00e0 la rencontre de vous-m\u00eame, de vos aspirations profondes et de vos potentiels afin que vous aussi vous participiez \u00e0 la construction du monde dans lequel vous avez envie de vivre. <\/p>\n\n\n\n<p class=\"has-text-color\" style=\"color:#170449\">Pour cela je vous propose diff\u00e9rents outils d\u2019accompagnement :<\/p>\n\n\n\n<p class=\"has-text-align-center has-text-color\" style=\"color:#170449\"><a href=\"https:\/\/reinventonsnosvies.com\/index.php\/accueil\/bilan-de-competences\/\">Le<\/a><strong><a href=\"https:\/\/reinventonsnosvies.com\/index.php\/accueil\/bilan-de-competences\/\"> Bilan de Comp\u00e9tences<\/a><\/strong> (sans utilisation du tarot de Marseille*)<\/p>\n\n\n\n<p class=\"has-text-align-center has-text-color\" style=\"color:#170449\"><a href=\"https:\/\/reinventonsnosvies.com\/index.php\/bilan-tarologique-professionnel\/\">Le <strong>Bilan de Reconversion Professionnelle Personnalis\u00e9e<\/strong><\/a> (utilisation du tarot de Marseille*)<\/p>\n\n\n\n<p class=\"has-text-align-center has-text-color\" style=\"color:#1b0552\"><strong><span style=\"color:#170449\" class=\"has-inline-color\"><a href=\"https:\/\/reinventonsnosvies.com\/index.php\/interpretation-de-reve\/\" data-type=\"URL\" data-id=\"https:\/\/reinventonsnosvies.com\/index.php\/interpretation-de-reve\/\">R\u00eave, \u00e0 quoi songes-tu&nbsp;?<\/a><\/span><\/strong> (utilisation du tarot de Marseille*)<\/p>\n\n\n\n<p class=\"has-text-align-center has-text-color\" style=\"color:#1b0552\"><span style=\"color:#170449\" class=\"has-inline-color\"><a href=\"https:\/\/reinventonsnosvies.com\/index.php\/tirage-tarologique-de-lannee\/\" data-type=\"URL\" data-id=\"https:\/\/reinventonsnosvies.com\/index.php\/tirage-tarologique-de-lannee\/\">Le<strong> Tirage Tarologique de l\u2019Ann\u00e9e<\/strong><\/a>,<\/span> (utilisation du tarot de Marseille*)<\/p>\n\n\n\n<p class=\"has-text-align-center has-text-color\" style=\"color:#1b0552\"><span style=\"color:#170449\" class=\"has-inline-color\"><a href=\"https:\/\/reinventonsnosvies.com\/index.php\/plan-daction-tarologique\/\" data-type=\"URL\" data-id=\"https:\/\/reinventonsnosvies.com\/index.php\/plan-daction-tarologique\/\">Le<strong> Plan d\u2019Action Tarologique<\/strong><\/a>,<\/span> (utilisation du tarot de Marseille*)<\/p>\n\n\n\n<p class=\"has-text-align-center has-text-color\" style=\"color:#1b0552\"><span style=\"color:#170449\" class=\"has-inline-color\"><a href=\"https:\/\/reinventonsnosvies.com\/index.php\/tarot\/cycle-septenaire-annuel\/\" data-type=\"URL\" data-id=\"https:\/\/reinventonsnosvies.com\/index.php\/tarot\/cycle-septenaire-annuel\/\">Le <strong>Cycle Sept\u00e9naire Annuel<\/strong><\/a>,<\/span> (utilisation du tarot de Marseille*)<\/p>\n\n\n\n<p class=\"has-text-align-center has-text-color\" style=\"color:#1b0552\"><span style=\"color:#170449\" class=\"has-inline-color\"><a href=\"https:\/\/reinventonsnosvies.com\/index.php\/formations\/\" data-type=\"URL\" data-id=\"https:\/\/reinventonsnosvies.com\/index.php\/formations\/\">Des <strong>formations<\/strong><\/a>,<\/span><\/p>\n\n\n\n<p class=\"has-text-color\" style=\"color:#170449\">Les s\u00e9ances ont lieu en pr\u00e9sentiel ou \u00e0 distance (dans ce cas, pr\u00e9voir un endroit calme o\u00f9 vous serez seul(e) et s\u00fbr(e) de ne pas \u00eatre d\u00e9rang\u00e9(e) pendant la s\u00e9ance).<\/p>\n\n\n\n<p class=\"has-text-color has-small-font-size\" style=\"color:#1b0552\">*<em>Si vous \u00eates \u00e0 la recherche de voyance je ne pourrai pas vous aider. Je ne suis ni voyante, ni m\u00e9dium. C\u2019est \u00e0 vous de choisir et de construire votre avenir<\/em>.<\/p>\n","protected":false},"excerpt":{"rendered":"<p>\u00ab\u00a0Mais alors, dit Alice, si ce monde n&rsquo;a absolument aucun sens, qui peut nous emp\u00eacher d&rsquo;en inventer un ?\u00a0\u00bb Cette phrase de Lewis Caroll dans Alice aux pays des merveilles illustre ce que savent faire les enfants. Lorsque nous sommes adultes nous oublions cette facult\u00e9 afin d&rsquo;\u00eatre conforme au monde dans lequel nous vivons. Bonjour, [&hellip;]<\/p>\n","protected":false},"author":1,"featured_media":205,"parent":0,"menu_order":0,"comment_status":"closed","ping_status":"closed","template":"template-wide-page.php","meta":{"footnotes":""},"class_list":["post-36","page","type-page","status-publish","has-post-thumbnail","hentry"],"_links":{"self":[{"href":"https:\/\/reinventonsnosvies.com\/index.php\/wp-json\/wp\/v2\/pages\/36","targetHints":{"allow":["GET"]}}],"collection":[{"href":"https:\/\/reinventonsnosvies.com\/index.php\/wp-json\/wp\/v2\/pages"}],"about":[{"href":"https:\/\/reinventonsnosvies.com\/index.php\/wp-json\/wp\/v2\/types\/page"}],"author":[{"embeddable":true,"href":"https:\/\/reinventonsnosvies.com\/index.php\/wp-json\/wp\/v2\/users\/1"}],"replies":[{"embeddable":true,"href":"https:\/\/reinventonsnosvies.com\/index.php\/wp-json\/wp\/v2\/comments?post=36"}],"version-history":[{"count":76,"href":"https:\/\/reinventonsnosvies.com\/index.php\/wp-json\/wp\/v2\/pages\/36\/revisions"}],"predecessor-version":[{"id":973,"href":"https:\/\/reinventonsnosvies.com\/index.php\/wp-json\/wp\/v2\/pages\/36\/revisions\/973"}],"wp:featuredmedia":[{"embeddable":true,"href":"https:\/\/reinventonsnosvies.com\/index.php\/wp-json\/wp\/v2\/media\/205"}],"wp:attachment":[{"href":"https:\/\/reinventonsnosvies.com\/index.php\/wp-json\/wp\/v2\/media?parent=36"}],"curies":[{"name":"wp","href":"https:\/\/api.w.org\/{rel}","templated":true}]}}