{"id":302,"date":"2021-06-27T18:27:56","date_gmt":"2021-06-27T16:27:56","guid":{"rendered":"http:\/\/ksyxvoz.cluster028.hosting.ovh.net\/?page_id=302"},"modified":"2026-03-16T16:27:33","modified_gmt":"2026-03-16T15:27:33","slug":"contact","status":"publish","type":"page","link":"https:\/\/reinventonsnosvies.com\/index.php\/contact\/","title":{"rendered":"Contact"},"content":{"rendered":"\n<p class=\"has-text-align-left has-text-color\" style=\"color:#170449\">Pour prendre rendez-vous, m&rsquo;adresser vos coordonn\u00e9es et vos disponibilit\u00e9s par mail \u00e0 :  <a href=\"mailto:reinventonsnosvies@gmail.com\">reinventonsnosvies@gmail.com<\/a><\/p>\n\n\n\n<p class=\"has-text-color\" style=\"color:#170449\">Horaires de consultation du lundi au dimanche de 11h \u00e0 20h.<\/p>\n\n\n\n<p class=\"has-text-color\" style=\"color:#170449\">Je vous r\u00e9ponds sous 48 heures maximum.<\/p>\n\n\n\n<p class=\"has-text-color\" style=\"color:#170449\">Au plaisir de vous lire,<\/p>\n\n\n\n<p class=\"has-text-color\" style=\"color:#170449\">Val\u00e9rie<\/p>\n","protected":false},"excerpt":{"rendered":"<p>Pour prendre rendez-vous, m&rsquo;adresser vos coordonn\u00e9es et vos disponibilit\u00e9s par mail \u00e0 : reinventonsnosvies@gmail.com Horaires de consultation du lundi au dimanche de 11h \u00e0 20h. Je vous r\u00e9ponds sous 48 heures maximum. Au plaisir de vous lire, Val\u00e9rie<\/p>\n","protected":false},"author":1,"featured_media":371,"parent":0,"menu_order":0,"comment_status":"closed","ping_status":"closed","template":"template-wide-page.php","meta":{"footnotes":""},"class_list":["post-302","page","type-page","status-publish","has-post-thumbnail","hentry"],"_links":{"self":[{"href":"https:\/\/reinventonsnosvies.com\/index.php\/wp-json\/wp\/v2\/pages\/302","targetHints":{"allow":["GET"]}}],"collection":[{"href":"https:\/\/reinventonsnosvies.com\/index.php\/wp-json\/wp\/v2\/pages"}],"about":[{"href":"https:\/\/reinventonsnosvies.com\/index.php\/wp-json\/wp\/v2\/types\/page"}],"author":[{"embeddable":true,"href":"https:\/\/reinventonsnosvies.com\/index.php\/wp-json\/wp\/v2\/users\/1"}],"replies":[{"embeddable":true,"href":"https:\/\/reinventonsnosvies.com\/index.php\/wp-json\/wp\/v2\/comments?post=302"}],"version-history":[{"count":27,"href":"https:\/\/reinventonsnosvies.com\/index.php\/wp-json\/wp\/v2\/pages\/302\/revisions"}],"predecessor-version":[{"id":994,"href":"https:\/\/reinventonsnosvies.com\/index.php\/wp-json\/wp\/v2\/pages\/302\/revisions\/994"}],"wp:featuredmedia":[{"embeddable":true,"href":"https:\/\/reinventonsnosvies.com\/index.php\/wp-json\/wp\/v2\/media\/371"}],"wp:attachment":[{"href":"https:\/\/reinventonsnosvies.com\/index.php\/wp-json\/wp\/v2\/media?parent=302"}],"curies":[{"name":"wp","href":"https:\/\/api.w.org\/{rel}","templated":true}]}}