{"id":271,"date":"2021-06-26T16:16:19","date_gmt":"2021-06-26T14:16:19","guid":{"rendered":"http:\/\/ksyxvoz.cluster028.hosting.ovh.net\/?page_id=271"},"modified":"2022-03-05T17:29:35","modified_gmt":"2022-03-05T16:29:35","slug":"tarot","status":"publish","type":"page","link":"https:\/\/reinventonsnosvies.com\/index.php\/tarot\/","title":{"rendered":"Tarot"},"content":{"rendered":"\n<p><a href=\"http:\/\/ksyxvoz.cluster028.hosting.ovh.net\/index.php\/bilan-tarologique-professionnel\/\" data-type=\"page\" data-id=\"243\">R\u00e9orientation Professionnelle Personnalis\u00e9e<\/a><\/p>\n\n\n\n<p><a href=\"http:\/\/ksyxvoz.cluster028.hosting.ovh.net\/index.php\/interpretation-de-reve\/\" data-type=\"page\" data-id=\"110\">R\u00eave, \u00e0 quoi songes-tu  ?<\/a><\/p>\n\n\n\n<p><a href=\"http:\/\/ksyxvoz.cluster028.hosting.ovh.net\/index.php\/tirage-tarologique-de-lannee\/\" data-type=\"page\" data-id=\"118\">Tirage Tarologique De l\u2019Ann\u00e9e<\/a><\/p>\n\n\n\n<p><a href=\"http:\/\/ksyxvoz.cluster028.hosting.ovh.net\/index.php\/plan-daction-tarologique\/\" data-type=\"page\" data-id=\"126\">Plan d\u2019Action Tarologique<\/a><\/p>\n\n\n\n<p><a href=\"http:\/\/ksyxvoz.cluster028.hosting.ovh.net\/index.php\/tarot\/cycle-septenaire-annuel\/\" data-type=\"page\" data-id=\"128\">Cycle Sept\u00e9naire Annuel<\/a><\/p>\n\n\n\n<p><a href=\"http:\/\/ksyxvoz.cluster028.hosting.ovh.net\/index.php\/formations\/\" data-type=\"page\" data-id=\"132\">Formations<\/a><\/p>\n","protected":false},"excerpt":{"rendered":"<p>R\u00e9orientation Professionnelle Personnalis\u00e9e R\u00eave, \u00e0 quoi songes-tu ? Tirage Tarologique De l\u2019Ann\u00e9e Plan d\u2019Action Tarologique Cycle Sept\u00e9naire Annuel Formations<\/p>\n","protected":false},"author":1,"featured_media":121,"parent":0,"menu_order":0,"comment_status":"closed","ping_status":"closed","template":"","meta":{"footnotes":""},"class_list":["post-271","page","type-page","status-publish","has-post-thumbnail","hentry"],"_links":{"self":[{"href":"https:\/\/reinventonsnosvies.com\/index.php\/wp-json\/wp\/v2\/pages\/271","targetHints":{"allow":["GET"]}}],"collection":[{"href":"https:\/\/reinventonsnosvies.com\/index.php\/wp-json\/wp\/v2\/pages"}],"about":[{"href":"https:\/\/reinventonsnosvies.com\/index.php\/wp-json\/wp\/v2\/types\/page"}],"author":[{"embeddable":true,"href":"https:\/\/reinventonsnosvies.com\/index.php\/wp-json\/wp\/v2\/users\/1"}],"replies":[{"embeddable":true,"href":"https:\/\/reinventonsnosvies.com\/index.php\/wp-json\/wp\/v2\/comments?post=271"}],"version-history":[{"count":4,"href":"https:\/\/reinventonsnosvies.com\/index.php\/wp-json\/wp\/v2\/pages\/271\/revisions"}],"predecessor-version":[{"id":689,"href":"https:\/\/reinventonsnosvies.com\/index.php\/wp-json\/wp\/v2\/pages\/271\/revisions\/689"}],"wp:featuredmedia":[{"embeddable":true,"href":"https:\/\/reinventonsnosvies.com\/index.php\/wp-json\/wp\/v2\/media\/121"}],"wp:attachment":[{"href":"https:\/\/reinventonsnosvies.com\/index.php\/wp-json\/wp\/v2\/media?parent=271"}],"curies":[{"name":"wp","href":"https:\/\/api.w.org\/{rel}","templated":true}]}}