{"id":135,"date":"2021-06-18T11:26:00","date_gmt":"2021-06-18T09:26:00","guid":{"rendered":"http:\/\/ksyxvoz.cluster028.hosting.ovh.net\/?page_id=135"},"modified":"2026-02-02T17:55:57","modified_gmt":"2026-02-02T16:55:57","slug":"bilan-de-competences","status":"publish","type":"page","link":"https:\/\/reinventonsnosvies.com\/index.php\/accueil\/bilan-de-competences\/","title":{"rendered":"Bilan de Comp\u00e9tences"},"content":{"rendered":"\n<p class=\"has-text-align-center has-text-color\" style=\"color:#170449\"><em>Chaque chemin est unique et parfait, l&rsquo;essentiel est de le rendre confortable<\/em>.<\/p>\n\n\n\n<p class=\"has-text-align-center has-text-color\" style=\"color:#170449\">Vous \u00eates perdu(e), vous ne savez  plus quelle direction prendre dans ce monde qui devient fou. Quelle est votre cr\u00e9ativit\u00e9 professionnelle ? A quoi utilisez-vous votre pouvoir cr\u00e9atif ? Dans quel but ? Au service de quelle cause ?<\/p>\n\n\n\n<p class=\"has-text-color\" style=\"color:#170449\">Vous avez envie de trouver les bonnes r\u00e9ponses celles qui correspondent \u00e0 vos aspirations, \u00e0 vos valeurs, \u00e0 vos besoins.<\/p>\n\n\n\n<p class=\"has-text-color\" style=\"color:#170449\">Le <strong>Bilan de comp\u00e9tences<\/strong> est l&rsquo;outil adopt\u00e9 \u00e0 cette qu\u00eate, \u00e0 cette envie de changer ou d&rsquo;am\u00e9liorer votre vie professionnelle afin de construire un projet r\u00e9aliste qui correspond \u00e0 vos capacit\u00e9s, qui vous plait et dont vous puissiez vivre.<\/p>\n\n\n\n<p class=\"has-text-color\" style=\"color:#170449\">Il vous permettra de faire un point approfondi sur votre identit\u00e9 professionnelle en allant \u00e0 la rencontre de :<\/p>\n\n\n\n<div class=\"wp-block-columns is-layout-flex wp-container-core-columns-is-layout-9d6595d7 wp-block-columns-is-layout-flex\">\n<div class=\"wp-block-column is-layout-flow wp-block-column-is-layout-flow\">\n<ul style=\"color:#170449\" class=\"wp-block-list has-text-color\">\n<li>vos qualit\u00e9s et de vos d\u00e9fauts<\/li>\n\n\n\n<li>vos savoir-faire<\/li>\n\n\n\n<li>vos connaissances<\/li>\n\n\n\n<li>vos centres d&rsquo;int\u00e9r\u00eat<\/li>\n<\/ul>\n<\/div>\n\n\n\n<div class=\"wp-block-column is-layout-flow wp-block-column-is-layout-flow\">\n<ul style=\"color:#170449\" class=\"wp-block-list has-text-color\">\n<li>votre parcours<\/li>\n\n\n\n<li>vos motivations<\/li>\n\n\n\n<li>vos valeurs<\/li>\n\n\n\n<li>vos contraintes et vos freins<\/li>\n<\/ul>\n<\/div>\n\n\n\n<div class=\"wp-block-column is-layout-flow wp-block-column-is-layout-flow\">\n<ul style=\"color:#170449\" class=\"wp-block-list has-text-color\">\n<li>La transformation de vos id\u00e9es en projet<\/li>\n\n\n\n<li>L\u2019accompagnement \u00e0 l\u2019\u00e9laboration du projet<\/li>\n<\/ul>\n<\/div>\n<\/div>\n\n\n\n<p class=\"has-text-color\" style=\"color:#170449\">Le <strong>Bilan de comp\u00e9tences<\/strong> utilise&nbsp;:<\/p>\n\n\n\n<ul style=\"color:#170449\" class=\"wp-block-list has-text-color\">\n<li>des questionnaires oraux et \u00e9crits<\/li>\n\n\n\n<li>des tableaux<\/li>\n\n\n\n<li>des tests<\/li>\n\n\n\n<li>des jeux<\/li>\n\n\n\n<li>des graphiques<\/li>\n\n\n\n<li>un portefeuille de comp\u00e9tences<\/li>\n<\/ul>\n\n\n\n<p class=\"has-text-color\" style=\"color:#170449\">L\u2019accompagnement est individuel et personnalis\u00e9 en pr\u00e9sentiel ou \u00e0 distance. <\/p>\n\n\n\n<p class=\"has-text-color\" style=\"color:#170449\"><strong>Avec un financement personnel<\/strong>, le<strong> Bilan de comp\u00e9tences<\/strong> se d\u00e9roule en 9 s\u00e9ances de 2 heures (soit 18h). Les s\u00e9ances sont espac\u00e9es d\u2019une ou 2 semaines sur une dur\u00e9e maximum de 4 mois.<\/p>\n\n\n\n<p class=\"has-text-color\" style=\"color:#170449\"><strong>Avec un financement par le CPF<\/strong>, le<strong> Bilan de comp\u00e9tences<\/strong> se d\u00e9roule en 7 s\u00e9ances de 2 heures (soit 14 h). Les s\u00e9ances sont espac\u00e9es d\u2019une ou 2 semaines sur une dur\u00e9e maximum de 3 mois.<\/p>\n\n\n\n<p class=\"has-text-color\" style=\"color:#170449\">Un temps de travail personnel est \u00e0 pr\u00e9voir entre les s\u00e9ances.<\/p>\n\n\n\n<p class=\"has-text-color\" style=\"color:#170449\">Un entretien de pr\u00e9-bilan gratuit d\u2019une heure et sans engagement permettra de faire connaissance, de recueillir vos attentes et d\u2019\u00e9valuer si&nbsp; le <strong>Bilan de comp\u00e9tences<\/strong> vous convient. Lors de cet entretien aucun conseil professionnel ne sera donn\u00e9.<\/p>\n\n\n\n<p class=\"has-text-color\" style=\"color:#170449\">Une s\u00e9ance post-bilan gratuite d\u2019une heure aura lieu 6 mois apr\u00e8s la fin du <strong>Bilan de comp\u00e9tences <\/strong>pour faire le point sur l\u2019avanc\u00e9e de votre projet.<\/p>\n\n\n\n<p class=\"has-text-color\" style=\"color:#170449\">Un document de synth\u00e8se personnalis\u00e9 et confidentiel est r\u00e9dig\u00e9 et envoy\u00e9 \u00e0 la fin du <strong>Bilan de comp\u00e9tences <\/strong>qui pourra \u00eatre utilis\u00e9 pour, par exemple, \u00e9tayer une demande de financement de formation ou pour pr\u00e9parer un entretien d&#8217;embauche.<\/p>\n\n\n\n<p class=\"has-text-color\" style=\"color:#170449\">Le tarif des consultations comprend \u00e9galement un travail en amont et en aval de la s\u00e9ance, un rendez-vous ne peut donc pas \u00eatre pris pour le jour m\u00eame.<\/p>\n\n\n\n<h2 class=\"wp-block-heading has-text-color has-normal-font-size\" style=\"color:#170449\"><strong>T\u00c9MOIGNAGES<\/strong><\/h2>\n\n\n\n<p class=\"has-text-align-center has-text-color has-link-color wp-elements-f3114fb304f5b8ec752399a5a92a8314\" style=\"color:#170449\">\u00ab\u00a0<em>Val\u00e9rie est une personne profond\u00e9ment humaine, \u00e0 l\u2019\u00e9coute, bienveillante et extr\u00eamement impliqu\u00e9e dans son travail. Gr\u00e2ce \u00e0 elle j\u2019ai pu \u00e9claircir ma situation actuelle et mes choix pour l\u2019avenir. Elle a pris le temps dans l\u2019accompagnement et a \u00e9t\u00e9 tr\u00e8s active durant tout le d\u00e9roul\u00e9 du processus.\u00a0\u00bb<\/em><br>Ma\u00ebva L.<br><a href=\"https:\/\/www.behance.net\/Maeva0207\">https:\/\/www.behance.net\/Maeva0207<\/a><br>@mae_graphiste<\/p>\n\n\n\n<p class=\"has-text-align-center has-text-color has-link-color wp-elements-b616d9162678cac420816457e04464ec\" style=\"color:#170449\"><em>\u00ab\u00a0Merci  Val\u00e9rie pour ton accompagnement et pour cette belle exp\u00e9rience. Le bilan a \u00e9t\u00e9 au-del\u00e0 de mes esp\u00e9rances en termes de connaissances \/ prise de conscience de mon parcours. Les clarifications et les perspectives autres apport\u00e9es sont tr\u00e8s int\u00e9ressantes. \u00a0\u00bb <\/em>A.P.<\/p>\n\n\n\n<p class=\"has-text-align-center has-text-color has-link-color wp-elements-a239b51682b6fdb1b9f09bd69c4f02f6\" style=\"color:#170044\"><em>\u00ab\u00a0Je suis heureuse d\u2019avoir fait mon bilan de comp\u00e9tences avec Val\u00e9rie. L\u2019objectif fix\u00e9 a \u00e9t\u00e9 atteint et j\u2019en ressors plus au clair avec moi-m\u00eame quant \u00e0 ce qui m\u2019habite. Humaine et tr\u00e8s professionnelle, Val\u00e9rie a \u00e9t\u00e9 une guide parfaite lors de ce parcours qui peut s\u2019av\u00e9rer chaotique. Gr\u00e2ce \u00e0 sa disponibilit\u00e9, sa belle \u00e9coute et sa g\u00e9n\u00e9rosit\u00e9 je me suis toujours sentie \u00e0 l\u2019aise et en confiance&nbsp;; ainsi le travail de bilan a \u00e9t\u00e9 produit, ce qui n\u2019\u00e9tait pas gagn\u00e9 d\u2019avance pour ma part. C\u2019est pourquoi je recommande sinc\u00e8rement de se faire accompagner par Val\u00e9rie, j\u2019estime avoir eu de la chance de la rencontrer.\u00a0\u00bb<\/em> Isabelle P.<\/p>\n\n\n\n<p class=\"has-text-align-center has-text-color has-link-color wp-elements-480b4e0cc57cbd220a0901b619281808\" style=\"color:#170449\"><em>\u00ab\u00a0\u00c9tant en reconversion professionnelle, j\u2019ai choisi de faire un bilan de comp\u00e9tences aupr\u00e8s de Val\u00e9rie. De plus, je n\u2019avais pas vraiment d\u2019id\u00e9e vers quel m\u00e9tier m\u2019orienter. J\u2019ai suivi une dizaine de s\u00e9ances de 2h pendant quelques mois avec \u00e0 chaque fois diff\u00e9rents exercices ou tests pour orienter les recherches. J&rsquo;avais \u00e9videmment une part de travail entre chaque s\u00e9ance pour faire avancer le bilan. Ainsi j&rsquo;ai pu d\u00e9gager finalement quelques m\u00e9tiers qui correspondaient \u00e0 mes aspirations du moment et dans lesquels je pourrais m\u2019\u00e9panouir. Pour conclure, j\u2019ai bien appr\u00e9ci\u00e9 l\u2019exp\u00e9rience et aussi que Val\u00e9rie a su adapter le dispositif pour que l\u2019avancement du bilan soit optimal. Je la remercie car d\u00e9sormais, j\u2019ai les id\u00e9es claires sur mon avenir professionnel.\u00a0\u00bb <\/em>Daniel<\/p>\n\n\n\n<p class=\"has-text-color has-small-font-size\" style=\"color:#170449\"><em>Cet outil n\u2019est pas th\u00e9rapeutique. En cas de difficult\u00e9s s\u2019adresser \u00e0 un professionnel de sant\u00e9.<\/em><\/p>\n\n\n\n<p><\/p>\n","protected":false},"excerpt":{"rendered":"<p>Chaque chemin est unique et parfait, l&rsquo;essentiel est de le rendre confortable. Vous \u00eates perdu(e), vous ne savez plus quelle direction prendre dans ce monde qui devient fou. Quelle est votre cr\u00e9ativit\u00e9 professionnelle ? A quoi utilisez-vous votre pouvoir cr\u00e9atif ? Dans quel but ? Au service de quelle cause ? Vous avez envie de [&hellip;]<\/p>\n","protected":false},"author":1,"featured_media":298,"parent":36,"menu_order":0,"comment_status":"closed","ping_status":"closed","template":"template-wide-page.php","meta":{"footnotes":""},"class_list":["post-135","page","type-page","status-publish","has-post-thumbnail","hentry"],"_links":{"self":[{"href":"https:\/\/reinventonsnosvies.com\/index.php\/wp-json\/wp\/v2\/pages\/135","targetHints":{"allow":["GET"]}}],"collection":[{"href":"https:\/\/reinventonsnosvies.com\/index.php\/wp-json\/wp\/v2\/pages"}],"about":[{"href":"https:\/\/reinventonsnosvies.com\/index.php\/wp-json\/wp\/v2\/types\/page"}],"author":[{"embeddable":true,"href":"https:\/\/reinventonsnosvies.com\/index.php\/wp-json\/wp\/v2\/users\/1"}],"replies":[{"embeddable":true,"href":"https:\/\/reinventonsnosvies.com\/index.php\/wp-json\/wp\/v2\/comments?post=135"}],"version-history":[{"count":38,"href":"https:\/\/reinventonsnosvies.com\/index.php\/wp-json\/wp\/v2\/pages\/135\/revisions"}],"predecessor-version":[{"id":991,"href":"https:\/\/reinventonsnosvies.com\/index.php\/wp-json\/wp\/v2\/pages\/135\/revisions\/991"}],"up":[{"embeddable":true,"href":"https:\/\/reinventonsnosvies.com\/index.php\/wp-json\/wp\/v2\/pages\/36"}],"wp:featuredmedia":[{"embeddable":true,"href":"https:\/\/reinventonsnosvies.com\/index.php\/wp-json\/wp\/v2\/media\/298"}],"wp:attachment":[{"href":"https:\/\/reinventonsnosvies.com\/index.php\/wp-json\/wp\/v2\/media?parent=135"}],"curies":[{"name":"wp","href":"https:\/\/api.w.org\/{rel}","templated":true}]}}