{"id":118,"date":"2021-06-18T11:26:00","date_gmt":"2021-06-18T09:26:00","guid":{"rendered":"http:\/\/ksyxvoz.cluster028.hosting.ovh.net\/?page_id=118"},"modified":"2026-04-04T19:16:08","modified_gmt":"2026-04-04T17:16:08","slug":"tirage-tarologique-de-lannee","status":"publish","type":"page","link":"https:\/\/reinventonsnosvies.com\/index.php\/tirage-tarologique-de-lannee\/","title":{"rendered":"Tirage Tarologique De l&rsquo;Ann\u00e9e"},"content":{"rendered":"\n<p class=\"has-text-align-center has-text-color\" style=\"color:#170449\"><em>Les consultations ont lieu en janvier, f\u00e9vrier et mars<\/em>.<\/p>\n\n\n\n<p class=\"has-text-align-center has-text-color\" style=\"color:#170449\">&nbsp;(<em>sans divination ou voyance<\/em>)<\/p>\n\n\n<div class=\"wp-block-image is-resized is-style-default\">\n<figure class=\"aligncenter size-large\"><img loading=\"lazy\" decoding=\"async\" width=\"800\" height=\"454\" src=\"http:\/\/ksyxvoz.cluster028.hosting.ovh.net\/wp-content\/uploads\/2021\/06\/equation-celeste.jpg\" alt=\"\" class=\"wp-image-121\" srcset=\"https:\/\/reinventonsnosvies.com\/wp-content\/uploads\/2021\/06\/equation-celeste.jpg 800w, https:\/\/reinventonsnosvies.com\/wp-content\/uploads\/2021\/06\/equation-celeste-300x170.jpg 300w, https:\/\/reinventonsnosvies.com\/wp-content\/uploads\/2021\/06\/equation-celeste-768x436.jpg 768w\" sizes=\"auto, (max-width: 800px) 100vw, 800px\" \/><figcaption class=\"wp-element-caption\">\u00c9quation c\u00e9leste<\/figcaption><\/figure><\/div>\n\n\n<p class=\"has-text-color\" style=\"color:#170449\">Chaque ann\u00e9e une \u00e9nergie sacr\u00e9e nous incite \u00e0 \u00e9voluer pour d\u00e9velopper notre potentiel et notre raison d\u2019\u00eatre.<\/p>\n\n\n\n<p class=\"has-text-color\" style=\"color:#170449\">Qu\u2019est-ce que 2026 vous invite \u00e0 transformer&nbsp;?<\/p>\n\n\n\n<p class=\"has-text-color\" style=\"color:#170449\">O\u00f9 en \u00eates-vous dans votre parcours&nbsp;?<\/p>\n\n\n\n<p class=\"has-text-color\" style=\"color:#170449\">Pour donner du sens \u00e0 vos exp\u00e9riences, je vous propose le <strong>Tirage Tarologique de l\u2019Ann\u00e9e<\/strong> \u00e0 l\u2019aide du Tarot de Marseille*.<\/p>\n\n\n\n<p class=\"has-text-color\" style=\"color:#170449\">Pendant la consultation individuelle et personnalis\u00e9e de 2 heures 30, <strong>sans divination ou voyance<\/strong>, nous \u00e9voquerons de quelle fa\u00e7on aborder l\u2019\u00e9nergie de cette ann\u00e9e qui commence pour avancer sur le chemin de la Vie. Un tirage de 3 cartes viendra apporter des pr\u00e9cisions sur les \u00e9nergies des diff\u00e9rentes p\u00e9riodes de l\u2019ann\u00e9e.<\/p>\n\n\n\n<p class=\"has-text-color\" style=\"color:#170449\">A l\u2019issue de la s\u00e9ance, un tableau contenant les p\u00e9riodes et les cartes tir\u00e9es pendant la s\u00e9ance vous sera envoy\u00e9 par mail afin que vous puissiez construire votre feuille de route pour l\u2019ann\u00e9e.<\/p>\n\n\n\n<p class=\"has-text-color\" style=\"color:#170449\">Ce tableau sera utilis\u00e9 dans le courant de l\u2019ann\u00e9e si vous souhaitez un suivi concret de votre feuille en route avec l\u2019outil <strong><a href=\"https:\/\/reinventonsnosvies.com\/index.php\/plan-daction-tarologique\/\" data-type=\"page\" data-id=\"126\">Plan d\u2019Action Tarologique<\/a><\/strong>.<\/p>\n\n\n\n<p class=\"has-text-color\" style=\"color:#170449\">Les s\u00e9ances ont lieu en pr\u00e9sentiel ou \u00e0 distance (dans ce cas, pr\u00e9voir un endroit calme o\u00f9 vous serez seul(e) et s\u00fbr(e) de ne pas \u00eatre d\u00e9rang\u00e9(e) pendant la s\u00e9ance).<\/p>\n\n\n\n<p class=\"has-text-color\" style=\"color:#170449\">Le tarif de la consultation comprend \u00e9galement un travail en amont et en aval de la s\u00e9ance, un rendez-vous ne peut donc pas \u00eatre pris pour le jour m\u00eame.<\/p>\n\n\n\n<h2 class=\"wp-block-heading has-text-color has-normal-font-size\" style=\"color:#170449\"><strong>T\u00c9MOIGNAGES<\/strong><\/h2>\n\n\n\n<p class=\"has-text-align-center has-text-color has-link-color wp-elements-cdc7957117cbaecda56597b5f3a6dfd3\" style=\"color:#170449\"><em>\u00ab\u00a0Je suis venue voir Val\u00e9rie deux fois pour un tirage de l&rsquo;ann\u00e9e. Je me suis sentie imm\u00e9diatement \u00e0 l&rsquo;aise et au bon endroit. La qualit\u00e9 de son \u00e9coute, son exp\u00e9rience et sa grande sensibilit\u00e9 sont palpables et m&rsquo;ont apport\u00e9 les cl\u00e9s dont j&rsquo;avais besoin pour m&rsquo;engager pleinement dans l&rsquo;ann\u00e9e \u00e0 venir. Un moment hors du temps, pour prendre du recul, pour observer avec clart\u00e9 et en toute bienveillance, pour se reconnecter \u00e0 ses forces profondes, et repartir de plus belle !<em> \u00ab\u00a0<\/em> Julia SH<\/em><\/p>\n\n\n\n<p class=\"has-text-align-center has-text-color\" style=\"color:#170449\">\u00ab&nbsp;Val\u00e9rie a une approche unique pour d\u00e9coder avec la symbolique du tarot et avec une expertise astrologique tr\u00e8s fine, les \u00e9nergies personnelles de l\u2019ann\u00e9e, les forces et points de vigilance, avec trois p\u00e9riodes cl\u00e9 d\u2019influence dans l\u2019ann\u00e9e. Depuis 3 ans son accompagnement me permet d\u2019avancer dans ma vie avec beaucoup plus de s\u00e9r\u00e9nit\u00e9 sur les pas de ma destin\u00e9e. Cet \u00e9clairage de mon chemin avec mes forces et mes points de vigilance me permet d\u2019organiser mon ann\u00e9e avec plus de pertinence et d\u2019efficacit\u00e9. Je recommande souvent Val\u00e9rie \u00e0 mes amies qui se demandent et me demandent comment je peux avancer aussi s\u00fbre de moi dans ce monde en grande turbulence&nbsp;! Elles en reviennent naturellement enchant\u00e9es et transform\u00e9es. Faites votre bilan en d\u00e9but d\u2019ann\u00e9e, elle sera plus lumineuse&nbsp;! \u00bb Chantal d&rsquo;Aboville, Coach de vie et sant\u00e9, Sophrologue.  <a href=\"https:\/\/linktr.ee\/evolutionenconscience\">https:\/\/linktr.ee\/evolutionenconscience<\/a><\/p>\n\n\n\n<p class=\"has-text-align-center has-text-color\" style=\"color:#170449\"><em>\u00a0\u00bb Je connais Val\u00e9rie depuis pr\u00e8s de 15 ans. Toutes ces ann\u00e9es elle m&rsquo;accompagne brillamment de fa\u00e7on humaine et structurante avec son outil super efficace. Val\u00e9rie manie en effet l&rsquo;art subtil de l&rsquo;alliance du tarot, de l&rsquo;astrologie, de la num\u00e9rologie, de ses multiples connaissances et exp\u00e9riences. Elle m&rsquo;aide chaque ann\u00e9e \u00e0 structurer le plan d&rsquo;action et de non action de mon ann\u00e9e en tenant compte de tous les plans (relationnel, v\u00e9cu pass\u00e9, affectif, professionnel, physique, moral, spirituel, \u2026). Val\u00e9rie pr\u00e9pare ainsi chaque capitaine \u00e0 monter \u00e0 bord de son navire avec sa nouvelle carte, en confiance, pour voguer au mieux sur les flots de sa vie, de la vie. Merci Val\u00e9rie! \u00a0\u00bb <\/em>Catherine Maggioli, Psychoth\u00e9rapeute \/ Superviseur, Analyste psycho-organique, adultes-ados-couples-groupes, Relaxologue \/ M\u00e9ditation, Thanadoula, Formatrice en relations humaines. <a href=\"http:\/\/essencia.fr\" data-type=\"URL\" data-id=\"essencia.fr\">essencia.fr<\/a><\/p>\n\n\n\n<p class=\"has-text-align-center has-text-color has-normal-font-size\" style=\"color:#170449\"><em>\u00ab&nbsp;Je recommande vivement Val\u00e9rie pour son professionnalisme, le temps qu\u2019elle accorde lors de ses sessions, son \u00e9coute bienveillante et pour ses conseils personnalis\u00e9s. Au-del\u00e0 de la guidance tr\u00e8s juste, j\u2019ai b\u00e9n\u00e9fici\u00e9 d\u2019un accompagnement pour accueillir au mieux les \u00e9v\u00e9nements annonc\u00e9s par les cartes. Merci beaucoup Val\u00e9rie&nbsp;!&nbsp;\u00bb&nbsp;<\/em>No\u00e9mie, Consultante en communication animale, Animots.<\/p>\n\n\n\n<p class=\"has-text-align-center has-text-color\" style=\"color:#170449\">\u00ab\u00a0<em>Le tirage de l\u2019ann\u00e9e avec Val\u00e9rie, est&nbsp; un moment exceptionnel qui permet de nous recentrer de faire le point. Val\u00e9rie nous am\u00e8ne \u00e0 prendre conscience, par cet \u00e9change et cette capacit\u00e9 d\u2019\u00e9coute merveilleuse qu\u2019 elle poss\u00e8de, que quoi qu\u2019il se passe les ressources sont en nous pour alchimiser nos \u00e9motions. M\u00eame si ces moments peuvent \u00eatre \u00e9motionnellement particuliers, Val\u00e9rie nous permet de les accueillir simplement et en toute confiance. Merci Infiniment.<\/em>\u00a0\u00bb Karine Papin Hypno. Coach.nomad. <a rel=\"noreferrer noopener\" href=\"https:\/\/linkr.bio\/karinepapin\" target=\"_blank\" data-type=\"URL\" data-id=\"https:\/\/linkr.bio\/karinepapin\">https:\/\/linkr.bio\/karinepapin<\/a><\/p>\n\n\n\n<p class=\"has-text-align-center has-text-color\" style=\"color:#170449\"><em>\u00ab\u00a0J&rsquo;ai beaucoup de gratitude pour le travail qu&rsquo;a effectu\u00e9 Val\u00e9rie avec un grand professionnalisme. Alors que, j&rsquo;ai g\u00e9n\u00e9ralement des difficult\u00e9s \u00e0 m&rsquo;exposer et me livrer, par son \u00e9coute active et sa sensibilit\u00e9, elle a su tirer le fil de ma pelote int\u00e9rieure souvent emm\u00eal\u00e9e pour la d\u00e9rouler en douceur et avec g\u00e9n\u00e9rosit\u00e9 jusqu&rsquo;\u00e0 ce que tout devienne beaucoup plus fluide et \u00e9vident. Merci Val\u00e9rie.\u00a0\u00bb<\/em> Dani\u00e8le Santini, Psychologue holistique de l&rsquo;individu, du couple et de la famille, form\u00e9e \u00e0 la Psychog\u00e9n\u00e9alogie par Anne Ancelin Sch\u00fctzenberger, Approche syst\u00e9mique.<\/p>\n\n\n\n<p class=\"has-text-align-center has-text-color\" style=\"color:#170449\">\u00ab\u00a0<em>A chaque fois que je vais voir Val\u00e9rie en d\u00e9but d&rsquo;ann\u00e9e, elle me dit des choses que je suis d\u00e9j\u00e0 en train d&rsquo;exp\u00e9rimenter. Sa guidance (qui n&rsquo;est pas du tout de la voyance mais un outil de d\u00e9veloppement personnel) me permet de comprendre ce que j&rsquo;ai \u00e0 d\u00e9passer pour l&rsquo;ann\u00e9e qui vient. A certains moments cela me permet de revenir sur les rails et ses conseils pour l&rsquo;ann\u00e9e sont vraiment extr\u00eamement pr\u00e9cieux car ils me permettent de mieux  comprendre et d&rsquo;appr\u00e9hender ce qui va se passer pour pouvoir agir en conscience. Je vous recommande tous d&rsquo;aller la voir que ce soit  pour trouver votre voie \u00e0 travers les bilans de comp\u00e9tences ou pour ses autres techniques transformatrices.<\/em>\u00a0\u00bb Vanessa Lopez, Naturopathe, Coach, Auteure, Praticienne et Enseignante Reiki &#8211; <a href=\"https:\/\/vanessa-lopez-naturopathe.com\/\">https:\/\/vanessa-lopez-naturopathe.com\/<\/a><\/p>\n\n\n\n<p class=\"has-text-align-center has-text-color\" style=\"color:#170449\"><em>\u00ab\u00a0Val\u00e9rie a mis \u00ab\u00a0dans le mille\u00a0\u00bb, j&rsquo;ai \u00e9t\u00e9 profond\u00e9ment touch\u00e9e par son travail qui m&rsquo;a beaucoup \u00e9clair\u00e9e sur mon chemin de vie. Elle prend le temps, reste \u00e0 l&rsquo;\u00e9coute, aide \u00e0 faire \u00e9merger nos propres solutions. J&rsquo;ai ressenti toute sa bienveillance et son ouverture, ce qui me permet de me d\u00e9ployer en toute libert\u00e9. Merci Val\u00e9rie, bravo pour ton travail et ton accompagnement ! <\/em>\u00a0\u00bb C.M.<\/p>\n\n\n\n<p class=\"has-text-align-center has-text-color\" style=\"color:#170449\"><em>\u00ab\u00a0Les s\u00e9ances avec Val\u00e9rie sont une bulle enveloppante, une parenth\u00e8se rien que pour soi. Val\u00e9rie prend le temps d&rsquo;\u00e9couter et de narrer les cartes. Elle m\u00eale tarot et astrologie avec beaucoup d&rsquo;habilet\u00e9 et de justesse. Elle a une connaissance incroyable de ces deux outils. Ces s\u00e9ances me donnent des cl\u00e9s pour me comprendre et pour agir tout en gardant mon libre arbitre.\u00a0\u00bb<\/em> VT<\/p>\n\n\n\n<p class=\"has-text-color has-small-font-size\" style=\"color:#170449\">*<em>Le tarot de Marseille est utilis\u00e9 comme un photo-langage en s\u2019aidant des ressentis et des symboles. Aucune consultation de voyance ne sera faite, l\u2019outil n\u2019est pas utilis\u00e9 \u00e0 des fins divinatoires. C\u2019est \u00e0 vous de cr\u00e9er votre avenir.<\/em><\/p>\n\n\n\n<p class=\"has-text-color has-small-font-size\" style=\"color:#170449\">Cet outil n\u2019est pas th\u00e9rapeutique. En cas de difficult\u00e9s s\u2019adresser \u00e0 un professionnel de sant\u00e9.<\/p>\n","protected":false},"excerpt":{"rendered":"<p>Les consultations ont lieu en janvier, f\u00e9vrier et mars. &nbsp;(sans divination ou voyance) Chaque ann\u00e9e une \u00e9nergie sacr\u00e9e nous incite \u00e0 \u00e9voluer pour d\u00e9velopper notre potentiel et notre raison d\u2019\u00eatre. Qu\u2019est-ce que 2026 vous invite \u00e0 transformer&nbsp;? O\u00f9 en \u00eates-vous dans votre parcours&nbsp;? Pour donner du sens \u00e0 vos exp\u00e9riences, je vous propose le Tirage [&hellip;]<\/p>\n","protected":false},"author":1,"featured_media":205,"parent":0,"menu_order":0,"comment_status":"closed","ping_status":"closed","template":"template-wide-page.php","meta":{"footnotes":""},"class_list":["post-118","page","type-page","status-publish","has-post-thumbnail","hentry"],"_links":{"self":[{"href":"https:\/\/reinventonsnosvies.com\/index.php\/wp-json\/wp\/v2\/pages\/118","targetHints":{"allow":["GET"]}}],"collection":[{"href":"https:\/\/reinventonsnosvies.com\/index.php\/wp-json\/wp\/v2\/pages"}],"about":[{"href":"https:\/\/reinventonsnosvies.com\/index.php\/wp-json\/wp\/v2\/types\/page"}],"author":[{"embeddable":true,"href":"https:\/\/reinventonsnosvies.com\/index.php\/wp-json\/wp\/v2\/users\/1"}],"replies":[{"embeddable":true,"href":"https:\/\/reinventonsnosvies.com\/index.php\/wp-json\/wp\/v2\/comments?post=118"}],"version-history":[{"count":57,"href":"https:\/\/reinventonsnosvies.com\/index.php\/wp-json\/wp\/v2\/pages\/118\/revisions"}],"predecessor-version":[{"id":1016,"href":"https:\/\/reinventonsnosvies.com\/index.php\/wp-json\/wp\/v2\/pages\/118\/revisions\/1016"}],"wp:featuredmedia":[{"embeddable":true,"href":"https:\/\/reinventonsnosvies.com\/index.php\/wp-json\/wp\/v2\/media\/205"}],"wp:attachment":[{"href":"https:\/\/reinventonsnosvies.com\/index.php\/wp-json\/wp\/v2\/media?parent=118"}],"curies":[{"name":"wp","href":"https:\/\/api.w.org\/{rel}","templated":true}]}}